{"id":1369,"date":"2024-12-11T11:11:25","date_gmt":"2024-12-11T11:11:25","guid":{"rendered":"https:\/\/fbg.is\/?page_id=1369"},"modified":"2025-11-10T14:22:29","modified_gmt":"2025-11-10T14:22:29","slug":"rettarsvid","status":"publish","type":"page","link":"https:\/\/fbg.is\/?page_id=1369","title":{"rendered":"R\u00e9ttarsvi\u00f0"},"content":{"rendered":"<p>[et_pb_section fb_built=&#8221;1&#8243; _builder_version=&#8221;4.27.4&#8243; _module_preset=&#8221;default&#8221; global_colors_info=&#8221;{}&#8221;][\/et_pb_section]<\/p>\n","protected":false},"excerpt":{"rendered":"","protected":false},"author":1,"featured_media":0,"parent":0,"menu_order":0,"comment_status":"closed","ping_status":"closed","template":"","meta":{"_et_pb_use_builder":"on","_et_pb_old_content":"","_et_gb_content_width":"","footnotes":""},"class_list":["post-1369","page","type-page","status-publish","hentry"],"yoast_head":"<!-- This site is optimized with the Yoast SEO plugin v26.7 - https:\/\/yoast.com\/wordpress\/plugins\/seo\/ -->\n<title>R\u00e9ttarsvi\u00f0 - FBG R\u00e1\u00f0gj\u00f6f ehf.<\/title>\n<meta name=\"robots\" content=\"index, follow, max-snippet:-1, max-image-preview:large, max-video-preview:-1\" \/>\n<link rel=\"canonical\" href=\"https:\/\/fbg.is\/?page_id=1369\" \/>\n<meta property=\"og:locale\" content=\"en_US\" \/>\n<meta property=\"og:type\" content=\"article\" \/>\n<meta property=\"og:title\" content=\"R\u00e9ttarsvi\u00f0 - FBG R\u00e1\u00f0gj\u00f6f ehf.\" \/>\n<meta property=\"og:url\" content=\"https:\/\/fbg.is\/?page_id=1369\" \/>\n<meta property=\"og:site_name\" content=\"FBG R\u00e1\u00f0gj\u00f6f ehf.\" \/>\n<meta property=\"article:publisher\" content=\"https:\/\/www.facebook.com\/profile.php?id=61554778734071\" \/>\n<meta property=\"article:modified_time\" content=\"2025-11-10T14:22:29+00:00\" \/>\n<meta name=\"twitter:card\" content=\"summary_large_image\" \/>\n<script type=\"application\/ld+json\" class=\"yoast-schema-graph\">{\"@context\":\"https:\/\/schema.org\",\"@graph\":[{\"@type\":\"WebPage\",\"@id\":\"https:\/\/fbg.is\/?page_id=1369\",\"url\":\"https:\/\/fbg.is\/?page_id=1369\",\"name\":\"R\u00e9ttarsvi\u00f0 - FBG R\u00e1\u00f0gj\u00f6f ehf.\",\"isPartOf\":{\"@id\":\"https:\/\/fbg.is\/#website\"},\"datePublished\":\"2024-12-11T11:11:25+00:00\",\"dateModified\":\"2025-11-10T14:22:29+00:00\",\"breadcrumb\":{\"@id\":\"https:\/\/fbg.is\/?page_id=1369#breadcrumb\"},\"inLanguage\":\"en-US\",\"potentialAction\":[{\"@type\":\"ReadAction\",\"target\":[\"https:\/\/fbg.is\/?page_id=1369\"]}]},{\"@type\":\"BreadcrumbList\",\"@id\":\"https:\/\/fbg.is\/?page_id=1369#breadcrumb\",\"itemListElement\":[{\"@type\":\"ListItem\",\"position\":1,\"name\":\"Home\",\"item\":\"https:\/\/fbg.is\/\"},{\"@type\":\"ListItem\",\"position\":2,\"name\":\"R\u00e9ttarsvi\u00f0\"}]},{\"@type\":\"WebSite\",\"@id\":\"https:\/\/fbg.is\/#website\",\"url\":\"https:\/\/fbg.is\/\",\"name\":\"FBG r\u00e1\u00f0gj\u00f6f ehf.\",\"description\":\"L\u00f6gfr\u00e6\u00f0ir\u00e1\u00f0gj\u00f6f fyrir einstaklinga og fyrirt\u00e6ki\",\"publisher\":{\"@id\":\"https:\/\/fbg.is\/#organization\"},\"potentialAction\":[{\"@type\":\"SearchAction\",\"target\":{\"@type\":\"EntryPoint\",\"urlTemplate\":\"https:\/\/fbg.is\/?s={search_term_string}\"},\"query-input\":{\"@type\":\"PropertyValueSpecification\",\"valueRequired\":true,\"valueName\":\"search_term_string\"}}],\"inLanguage\":\"en-US\"},{\"@type\":\"Organization\",\"@id\":\"https:\/\/fbg.is\/#organization\",\"name\":\"FBG r\u00e1\u00f0gj\u00f6f ehf.\",\"url\":\"https:\/\/fbg.is\/\",\"logo\":{\"@type\":\"ImageObject\",\"inLanguage\":\"en-US\",\"@id\":\"https:\/\/fbg.is\/#\/schema\/logo\/image\/\",\"url\":\"https:\/\/fbg.is\/wp-content\/uploads\/2023\/05\/FBG-Radgjof-logo-205-x-205-px.jpg\",\"contentUrl\":\"https:\/\/fbg.is\/wp-content\/uploads\/2023\/05\/FBG-Radgjof-logo-205-x-205-px.jpg\",\"width\":205,\"height\":205,\"caption\":\"FBG r\u00e1\u00f0gj\u00f6f ehf.\"},\"image\":{\"@id\":\"https:\/\/fbg.is\/#\/schema\/logo\/image\/\"},\"sameAs\":[\"https:\/\/www.facebook.com\/profile.php?id=61554778734071\"]}]}<\/script>\n<!-- \/ Yoast SEO plugin. -->","yoast_head_json":{"title":"R\u00e9ttarsvi\u00f0 - FBG R\u00e1\u00f0gj\u00f6f ehf.","robots":{"index":"index","follow":"follow","max-snippet":"max-snippet:-1","max-image-preview":"max-image-preview:large","max-video-preview":"max-video-preview:-1"},"canonical":"https:\/\/fbg.is\/?page_id=1369","og_locale":"en_US","og_type":"article","og_title":"R\u00e9ttarsvi\u00f0 - FBG R\u00e1\u00f0gj\u00f6f ehf.","og_url":"https:\/\/fbg.is\/?page_id=1369","og_site_name":"FBG R\u00e1\u00f0gj\u00f6f ehf.","article_publisher":"https:\/\/www.facebook.com\/profile.php?id=61554778734071","article_modified_time":"2025-11-10T14:22:29+00:00","twitter_card":"summary_large_image","schema":{"@context":"https:\/\/schema.org","@graph":[{"@type":"WebPage","@id":"https:\/\/fbg.is\/?page_id=1369","url":"https:\/\/fbg.is\/?page_id=1369","name":"R\u00e9ttarsvi\u00f0 - FBG R\u00e1\u00f0gj\u00f6f ehf.","isPartOf":{"@id":"https:\/\/fbg.is\/#website"},"datePublished":"2024-12-11T11:11:25+00:00","dateModified":"2025-11-10T14:22:29+00:00","breadcrumb":{"@id":"https:\/\/fbg.is\/?page_id=1369#breadcrumb"},"inLanguage":"en-US","potentialAction":[{"@type":"ReadAction","target":["https:\/\/fbg.is\/?page_id=1369"]}]},{"@type":"BreadcrumbList","@id":"https:\/\/fbg.is\/?page_id=1369#breadcrumb","itemListElement":[{"@type":"ListItem","position":1,"name":"Home","item":"https:\/\/fbg.is\/"},{"@type":"ListItem","position":2,"name":"R\u00e9ttarsvi\u00f0"}]},{"@type":"WebSite","@id":"https:\/\/fbg.is\/#website","url":"https:\/\/fbg.is\/","name":"FBG r\u00e1\u00f0gj\u00f6f ehf.","description":"L\u00f6gfr\u00e6\u00f0ir\u00e1\u00f0gj\u00f6f fyrir einstaklinga og fyrirt\u00e6ki","publisher":{"@id":"https:\/\/fbg.is\/#organization"},"potentialAction":[{"@type":"SearchAction","target":{"@type":"EntryPoint","urlTemplate":"https:\/\/fbg.is\/?s={search_term_string}"},"query-input":{"@type":"PropertyValueSpecification","valueRequired":true,"valueName":"search_term_string"}}],"inLanguage":"en-US"},{"@type":"Organization","@id":"https:\/\/fbg.is\/#organization","name":"FBG r\u00e1\u00f0gj\u00f6f ehf.","url":"https:\/\/fbg.is\/","logo":{"@type":"ImageObject","inLanguage":"en-US","@id":"https:\/\/fbg.is\/#\/schema\/logo\/image\/","url":"https:\/\/fbg.is\/wp-content\/uploads\/2023\/05\/FBG-Radgjof-logo-205-x-205-px.jpg","contentUrl":"https:\/\/fbg.is\/wp-content\/uploads\/2023\/05\/FBG-Radgjof-logo-205-x-205-px.jpg","width":205,"height":205,"caption":"FBG r\u00e1\u00f0gj\u00f6f ehf."},"image":{"@id":"https:\/\/fbg.is\/#\/schema\/logo\/image\/"},"sameAs":["https:\/\/www.facebook.com\/profile.php?id=61554778734071"]}]}},"_links":{"self":[{"href":"https:\/\/fbg.is\/index.php?rest_route=\/wp\/v2\/pages\/1369","targetHints":{"allow":["GET"]}}],"collection":[{"href":"https:\/\/fbg.is\/index.php?rest_route=\/wp\/v2\/pages"}],"about":[{"href":"https:\/\/fbg.is\/index.php?rest_route=\/wp\/v2\/types\/page"}],"author":[{"embeddable":true,"href":"https:\/\/fbg.is\/index.php?rest_route=\/wp\/v2\/users\/1"}],"replies":[{"embeddable":true,"href":"https:\/\/fbg.is\/index.php?rest_route=%2Fwp%2Fv2%2Fcomments&post=1369"}],"version-history":[{"count":3,"href":"https:\/\/fbg.is\/index.php?rest_route=\/wp\/v2\/pages\/1369\/revisions"}],"predecessor-version":[{"id":1891,"href":"https:\/\/fbg.is\/index.php?rest_route=\/wp\/v2\/pages\/1369\/revisions\/1891"}],"wp:attachment":[{"href":"https:\/\/fbg.is\/index.php?rest_route=%2Fwp%2Fv2%2Fmedia&parent=1369"}],"curies":[{"name":"wp","href":"https:\/\/api.w.org\/{rel}","templated":true}]}}