{"id":1395,"date":"2024-12-11T14:27:20","date_gmt":"2024-12-11T14:27:20","guid":{"rendered":"https:\/\/fbg.is\/?page_id=1395"},"modified":"2025-11-10T14:38:10","modified_gmt":"2025-11-10T14:38:10","slug":"vinnurettur","status":"publish","type":"page","link":"https:\/\/fbg.is\/?page_id=1395","title":{"rendered":"Vinnur\u00e9ttur"},"content":{"rendered":"<p>[et_pb_section fb_built=&#8221;1&#8243; admin_label=&#8221;Header&#8221; _builder_version=&#8221;4.20.0&#8243; _module_preset=&#8221;default&#8221; use_background_color_gradient=&#8221;on&#8221; background_color_gradient_stops=&#8221;rgba(31,35,44,0.7) 0%|gcid-9fa4a1b6-767d-41ca-984c-a6f10449c843 100%&#8221; background_color_gradient_overlays_image=&#8221;on&#8221; background_image=&#8221;https:\/\/fbg.is\/wp-content\/uploads\/2023\/12\/attorney-21.jpg&#8221; locked=&#8221;off&#8221; collapsed=&#8221;on&#8221; global_colors_info=&#8221;{%22gcid-9fa4a1b6-767d-41ca-984c-a6f10449c843%22:%91%22background_color_gradient_stops%22%93}&#8221;][et_pb_row _builder_version=&#8221;4.20.0&#8243; _module_preset=&#8221;default&#8221; global_colors_info=&#8221;{}&#8221;][et_pb_column type=&#8221;4_4&#8243; _builder_version=&#8221;4.20.0&#8243; _module_preset=&#8221;default&#8221; global_colors_info=&#8221;{}&#8221;][et_pb_text _builder_version=&#8221;4.27.4&#8243; _module_preset=&#8221;74717560-5fc8-441c-9c72-f3b554fb276a&#8221; header_4_text_color=&#8221;gcid-2f3f3e09-0a26-4ea7-8906-5e1128945e3f&#8221; text_orientation=&#8221;center&#8221; custom_margin=&#8221;||10px||false|false&#8221; global_colors_info=&#8221;{%22gcid-2f3f3e09-0a26-4ea7-8906-5e1128945e3f%22:%91%22header_4_text_color%22%93}&#8221;]<\/p>\n<h4>Vinnur\u00e9ttur<\/h4>\n<p>[\/et_pb_text][et_pb_image src=&#8221;https:\/\/fbg.is\/wp-content\/uploads\/2023\/12\/attorney-1.png&#8221; title_text=&#8221;attorney-1&#8243; _builder_version=&#8221;4.20.0&#8243; _module_preset=&#8221;default&#8221; max_width=&#8221;130px&#8221; module_alignment=&#8221;center&#8221; global_colors_info=&#8221;{}&#8221;][\/et_pb_image][\/et_pb_column][\/et_pb_row][\/et_pb_section][et_pb_section fb_built=&#8221;1&#8243; admin_label=&#8221;Service Info&#8221; _builder_version=&#8221;4.20.0&#8243; _module_preset=&#8221;default&#8221; background_color=&#8221;gcid-9fa4a1b6-767d-41ca-984c-a6f10449c843&#8243; collapsed=&#8221;on&#8221; global_colors_info=&#8221;{%22gcid-9fa4a1b6-767d-41ca-984c-a6f10449c843%22:%91%22background_color%22%93}&#8221;][et_pb_row _builder_version=&#8221;4.20.0&#8243; _module_preset=&#8221;default&#8221; global_colors_info=&#8221;{}&#8221;][et_pb_column type=&#8221;4_4&#8243; _builder_version=&#8221;4.20.0&#8243; _module_preset=&#8221;default&#8221; global_colors_info=&#8221;{}&#8221;][et_pb_image src=&#8221;https:\/\/fbg.is\/wp-content\/uploads\/2023\/12\/attorney-22.jpg&#8221; title_text=&#8221;attorney-22&#8243; _builder_version=&#8221;4.20.0&#8243; _module_preset=&#8221;default&#8221; global_colors_info=&#8221;{}&#8221;][\/et_pb_image][\/et_pb_column][\/et_pb_row][\/et_pb_section][et_pb_section fb_built=&#8221;1&#8243; admin_label=&#8221;Case Studies&#8221; _builder_version=&#8221;4.20.0&#8243; _module_preset=&#8221;default&#8221; background_color=&#8221;gcid-2f3f3e09-0a26-4ea7-8906-5e1128945e3f&#8221; collapsed=&#8221;on&#8221; global_colors_info=&#8221;{%22gcid-2f3f3e09-0a26-4ea7-8906-5e1128945e3f%22:%91%22background_color%22%93}&#8221;][et_pb_row _builder_version=&#8221;4.20.0&#8243; _module_preset=&#8221;default&#8221; global_colors_info=&#8221;{}&#8221;][et_pb_column type=&#8221;4_4&#8243; _builder_version=&#8221;4.20.0&#8243; _module_preset=&#8221;default&#8221; global_colors_info=&#8221;{}&#8221;][\/et_pb_column][\/et_pb_row][et_pb_row _builder_version=&#8221;4.20.0&#8243; _module_preset=&#8221;default&#8221; global_colors_info=&#8221;{}&#8221;][et_pb_column type=&#8221;4_4&#8243; _builder_version=&#8221;4.20.0&#8243; _module_preset=&#8221;default&#8221; custom_padding_tablet=&#8221;||30px||false|false&#8221; custom_padding_phone=&#8221;||30px||false|false&#8221; custom_padding_last_edited=&#8221;on|tablet&#8221; global_colors_info=&#8221;{}&#8221;][\/et_pb_column][\/et_pb_row][\/et_pb_section][et_pb_section fb_built=&#8221;1&#8243; admin_label=&#8221;Footer&#8221; _builder_version=&#8221;4.20.0&#8243; _module_preset=&#8221;default&#8221; use_background_color_gradient=&#8221;on&#8221; background_color_gradient_stops=&#8221;#1e232b 0%|rgba(30,35,43,0.9) 100%&#8221; background_color_gradient_overlays_image=&#8221;on&#8221; background_image=&#8221;https:\/\/fbg.is\/wp-content\/uploads\/2023\/12\/paper-texture.jpg&#8221; saved_tabs=&#8221;all&#8221; collapsed=&#8221;off&#8221; global_colors_info=&#8221;{}&#8221; theme_builder_area=&#8221;post_content&#8221;][et_pb_row column_structure=&#8221;1_3,1_3,1_3&#8243; _builder_version=&#8221;4.20.0&#8243; _module_preset=&#8221;default&#8221; global_colors_info=&#8221;{}&#8221; theme_builder_area=&#8221;post_content&#8221;][et_pb_column type=&#8221;1_3&#8243; _builder_version=&#8221;4.20.0&#8243; _module_preset=&#8221;default&#8221; global_colors_info=&#8221;{}&#8221; theme_builder_area=&#8221;post_content&#8221;][et_pb_text _builder_version=&#8221;4.20.0&#8243; _module_preset=&#8221;6c5f225d-1629-4d0b-ac22-9e12e8309674&#8243; text_orientation=&#8221;center&#8221; global_colors_info=&#8221;{%22gcid-11d3dbbb-f6dc-4fb8-929b-9d6994368d00%22:%91%22header_4_text_color%22%93}&#8221; theme_builder_area=&#8221;post_content&#8221;]<\/p>\n<h4>skrifstofut\u00edmar<\/h4>\n<p>[\/et_pb_text][et_pb_text _builder_version=&#8221;4.27.4&#8243; _module_preset=&#8221;a02e0b58-159f-4a94-ae9d-0e42660fa8b1&#8243; text_text_color=&#8221;#FFFFFF&#8221; text_orientation=&#8221;center&#8221; custom_margin=&#8221;||10px||false|false&#8221; locked=&#8221;off&#8221; global_colors_info=&#8221;{}&#8221; theme_builder_area=&#8221;post_content&#8221;]<\/p>\n<p>Alla virka daga fr\u00e1 &#8211; 09:00 til 17:00.<\/p>\n<p>B\u00f3ka \u00fearf t\u00edma me\u00f0 t\u00f6lvup\u00f3sti.<\/p>\n<p>[\/et_pb_text][\/et_pb_column][et_pb_column type=&#8221;1_3&#8243; _builder_version=&#8221;4.20.0&#8243; _module_preset=&#8221;default&#8221; global_colors_info=&#8221;{}&#8221; theme_builder_area=&#8221;post_content&#8221;][et_pb_image src=&#8221;https:\/\/fbg.is\/wp-content\/uploads\/2023\/05\/FBG-Radgjof-logo-205-x-205-px.jpg&#8221; title_text=&#8221;FBG Ra\u0301\u00f0gjo\u0308f logo (205 x 205 px)&#8221; align=&#8221;center&#8221; _builder_version=&#8221;4.23.1&#8243; _module_preset=&#8221;default&#8221; max_height=&#8221;80px&#8221; global_colors_info=&#8221;{}&#8221; theme_builder_area=&#8221;post_content&#8221;][\/et_pb_image][et_pb_text _builder_version=&#8221;4.23.1&#8243; _module_preset=&#8221;e3b9a499-34e4-421c-b219-abebd7180aef&#8221; header_4_font=&#8221;Georgia|700||on|||||&#8221; header_4_text_color=&#8221;#FFFFFF&#8221; text_orientation=&#8221;center&#8221; locked=&#8221;off&#8221; global_colors_info=&#8221;{}&#8221; theme_builder_area=&#8221;post_content&#8221;]<\/p>\n<h4>FBG r\u00e1\u00f0gj\u00f6f ehf.<\/h4>\n<p>kt.: 450917-0440\u00a0<\/p>\n<p>Vsk.: 129215<\/p>\n<p>[\/et_pb_text][\/et_pb_column][et_pb_column type=&#8221;1_3&#8243; _builder_version=&#8221;4.20.0&#8243; _module_preset=&#8221;default&#8221; global_colors_info=&#8221;{}&#8221; theme_builder_area=&#8221;post_content&#8221;][et_pb_text _builder_version=&#8221;4.23.1&#8243; _module_preset=&#8221;e3b9a499-34e4-421c-b219-abebd7180aef&#8221; text_orientation=&#8221;center&#8221; locked=&#8221;off&#8221; global_colors_info=&#8221;{%22gcid-11d3dbbb-f6dc-4fb8-929b-9d6994368d00%22:%91%22header_4_text_color%22%93}&#8221; theme_builder_area=&#8221;post_content&#8221;]<\/p>\n<h4>Hafa samband<\/h4>\n<p>[\/et_pb_text][et_pb_text _builder_version=&#8221;4.27.4&#8243; _module_preset=&#8221;a02e0b58-159f-4a94-ae9d-0e42660fa8b1&#8243; text_text_color=&#8221;#FFFFFF&#8221; link_text_color=&#8221;#FFFFFF&#8221; text_orientation=&#8221;center&#8221; custom_margin=&#8221;||10px||false|false&#8221; locked=&#8221;off&#8221; global_colors_info=&#8221;{}&#8221; theme_builder_area=&#8221;post_content&#8221;]<\/p>\n<p>Heimilisfang: Stekkjarbakki 6<\/p>\n<p>[\/et_pb_text][et_pb_text _builder_version=&#8221;4.27.4&#8243; _module_preset=&#8221;a02e0b58-159f-4a94-ae9d-0e42660fa8b1&#8243; text_text_color=&#8221;#FFFFFF&#8221; link_text_color=&#8221;#FFFFFF&#8221; text_orientation=&#8221;center&#8221; custom_margin=&#8221;||10px||false|false&#8221; locked=&#8221;off&#8221; global_colors_info=&#8221;{}&#8221; theme_builder_area=&#8221;post_content&#8221;]<\/p>\n<p>S\u00edmi: 779-0900<\/p>\n<p>[\/et_pb_text][et_pb_text _builder_version=&#8221;4.27.4&#8243; _module_preset=&#8221;a02e0b58-159f-4a94-ae9d-0e42660fa8b1&#8243; text_text_color=&#8221;#FFFFFF&#8221; link_text_color=&#8221;#FFFFFF&#8221; text_orientation=&#8221;center&#8221; custom_margin=&#8221;||10px||false|false&#8221; locked=&#8221;off&#8221; global_colors_info=&#8221;{}&#8221; theme_builder_area=&#8221;post_content&#8221;]<\/p>\n<p>Netfang: fbg@fbg.is<\/p>\n<p>[\/et_pb_text][\/et_pb_column][\/et_pb_row][et_pb_row _builder_version=&#8221;4.20.0&#8243; _module_preset=&#8221;default&#8221; custom_padding=&#8221;0px||0px||true|&#8221; global_colors_info=&#8221;{}&#8221; theme_builder_area=&#8221;post_content&#8221;][et_pb_column type=&#8221;4_4&#8243; _builder_version=&#8221;4.20.0&#8243; _module_preset=&#8221;default&#8221; global_colors_info=&#8221;{}&#8221; theme_builder_area=&#8221;post_content&#8221;][et_pb_social_media_follow icon_color=&#8221;#000000&#8243; _builder_version=&#8221;4.27.4&#8243; _module_preset=&#8221;default&#8221; text_orientation=&#8221;center&#8221; custom_margin=&#8221;||||false|false&#8221; border_radii=&#8221;on|100px|100px|100px|100px&#8221; locked=&#8221;off&#8221; global_colors_info=&#8221;{}&#8221; theme_builder_area=&#8221;post_content&#8221;][et_pb_social_media_follow_network social_network=&#8221;facebook&#8221; url=&#8221;https:\/\/www.facebook.com\/profile.php?id=61554778734071&#8243; _builder_version=&#8221;4.27.4&#8243; _module_preset=&#8221;default&#8221; background_color=&#8221;gcid-11d3dbbb-f6dc-4fb8-929b-9d6994368d00&#8243; background_enable_color=&#8221;on&#8221; custom_padding=&#8221;8px|8px|8px|8px|true|true&#8221; global_colors_info=&#8221;{%22gcid-11d3dbbb-f6dc-4fb8-929b-9d6994368d00%22:%91%22background_color%22%93}&#8221; theme_builder_area=&#8221;post_content&#8221; follow_button=&#8221;off&#8221; url_new_window=&#8221;on&#8221;]facebook[\/et_pb_social_media_follow_network][et_pb_social_media_follow_network social_network=&#8221;instagram&#8221; url=&#8221;https:\/\/instagram.com\/personuverndarfulltrui&#8221; _builder_version=&#8221;4.27.4&#8243; _module_preset=&#8221;default&#8221; background_color=&#8221;gcid-11d3dbbb-f6dc-4fb8-929b-9d6994368d00&#8243; background_enable_color=&#8221;on&#8221; custom_padding=&#8221;8px|8px|8px|8px|true|true&#8221; global_colors_info=&#8221;{%22gcid-11d3dbbb-f6dc-4fb8-929b-9d6994368d00%22:%91%22background_color%22%93}&#8221; theme_builder_area=&#8221;post_content&#8221; follow_button=&#8221;off&#8221; url_new_window=&#8221;on&#8221;]instagram[\/et_pb_social_media_follow_network][\/et_pb_social_media_follow][et_pb_divider color=&#8221;gcid-11d3dbbb-f6dc-4fb8-929b-9d6994368d00&#8243; _builder_version=&#8221;4.20.0&#8243; _module_preset=&#8221;default&#8221; custom_margin=&#8221;||0px||false|false&#8221; global_colors_info=&#8221;{%22gcid-11d3dbbb-f6dc-4fb8-929b-9d6994368d00%22:%91%22color%22%93}&#8221; theme_builder_area=&#8221;post_content&#8221;][\/et_pb_divider][et_pb_text _builder_version=&#8221;4.23.1&#8243; _dynamic_attributes=&#8221;content&#8221; _module_preset=&#8221;21d51e73-6f04-4056-9cea-a7e3460ee80a&#8221; text_text_color=&#8221;#FFFFFF&#8221; text_orientation=&#8221;center&#8221; locked=&#8221;off&#8221; global_colors_info=&#8221;{}&#8221; theme_builder_area=&#8221;post_content&#8221;]@ET-DC@eyJkeW5hbWljIjp0cnVlLCJjb250ZW50IjoiY3VycmVudF9kYXRlIiwic2V0dGluZ3MiOnsiYmVmb3JlIjoiQ29weXJpZ2h0ICZjb3B5OyAiLCJhZnRlciI6IiBGQkcgclx1MDBlMVx1MDBmMGdqXHUwMGY2ZiBlaGYuIEFsbHVyIHJcdTAwZTl0dHVyIFx1MDBlMXNraWxpbm4uIiwiZGF0ZV9mb3JtYXQiOiJjdXN0b20iLCJjdXN0b21fZGF0ZV9mb3JtYXQiOiJZIn19@[\/et_pb_text][\/et_pb_column][\/et_pb_row][\/et_pb_section]<\/p>\n","protected":false},"excerpt":{"rendered":"<p>Vinnur\u00e9tturskrifstofut\u00edmarAlla virka daga fr\u00e1 &#8211; 09:00 til 17:00. B\u00f3ka \u00fearf t\u00edma me\u00f0 t\u00f6lvup\u00f3sti.FBG r\u00e1\u00f0gj\u00f6f ehf. kt.: 450917-0440\u00a0 Vsk.: 129215Hafa sambandHeimilisfang: Stekkjarbakki 6S\u00edmi: 779-0900Netfang: fbg@fbg.is<\/p>\n","protected":false},"author":1,"featured_media":0,"parent":0,"menu_order":0,"comment_status":"closed","ping_status":"closed","template":"","meta":{"_et_pb_use_builder":"on","_et_pb_old_content":"","_et_gb_content_width":"","footnotes":""},"class_list":["post-1395","page","type-page","status-publish","hentry"],"yoast_head":"<!-- This site is optimized with the Yoast SEO plugin v26.7 - https:\/\/yoast.com\/wordpress\/plugins\/seo\/ -->\n<title>Vinnur\u00e9ttur - FBG R\u00e1\u00f0gj\u00f6f ehf.<\/title>\n<meta name=\"robots\" content=\"index, follow, max-snippet:-1, max-image-preview:large, max-video-preview:-1\" \/>\n<link rel=\"canonical\" href=\"https:\/\/fbg.is\/?page_id=1395\" \/>\n<meta property=\"og:locale\" content=\"en_US\" \/>\n<meta property=\"og:type\" content=\"article\" \/>\n<meta property=\"og:title\" content=\"Vinnur\u00e9ttur - FBG R\u00e1\u00f0gj\u00f6f ehf.\" \/>\n<meta property=\"og:description\" content=\"Vinnur\u00e9tturskrifstofut\u00edmarAlla virka daga fr\u00e1 - 09:00 til 17:00. B\u00f3ka \u00fearf t\u00edma me\u00f0 t\u00f6lvup\u00f3sti.FBG r\u00e1\u00f0gj\u00f6f ehf. kt.: 450917-0440\u00a0 Vsk.: 129215Hafa sambandHeimilisfang: Stekkjarbakki 6S\u00edmi: 779-0900Netfang: fbg@fbg.is\" \/>\n<meta property=\"og:url\" content=\"https:\/\/fbg.is\/?page_id=1395\" \/>\n<meta property=\"og:site_name\" content=\"FBG R\u00e1\u00f0gj\u00f6f ehf.\" \/>\n<meta property=\"article:publisher\" content=\"https:\/\/www.facebook.com\/profile.php?id=61554778734071\" \/>\n<meta property=\"article:modified_time\" content=\"2025-11-10T14:38:10+00:00\" \/>\n<meta name=\"twitter:card\" content=\"summary_large_image\" \/>\n<meta name=\"twitter:label1\" content=\"Est. reading time\" \/>\n\t<meta name=\"twitter:data1\" content=\"1 minute\" \/>\n<script type=\"application\/ld+json\" class=\"yoast-schema-graph\">{\"@context\":\"https:\/\/schema.org\",\"@graph\":[{\"@type\":\"WebPage\",\"@id\":\"https:\/\/fbg.is\/?page_id=1395\",\"url\":\"https:\/\/fbg.is\/?page_id=1395\",\"name\":\"Vinnur\u00e9ttur - FBG R\u00e1\u00f0gj\u00f6f ehf.\",\"isPartOf\":{\"@id\":\"https:\/\/fbg.is\/#website\"},\"datePublished\":\"2024-12-11T14:27:20+00:00\",\"dateModified\":\"2025-11-10T14:38:10+00:00\",\"breadcrumb\":{\"@id\":\"https:\/\/fbg.is\/?page_id=1395#breadcrumb\"},\"inLanguage\":\"en-US\",\"potentialAction\":[{\"@type\":\"ReadAction\",\"target\":[\"https:\/\/fbg.is\/?page_id=1395\"]}]},{\"@type\":\"BreadcrumbList\",\"@id\":\"https:\/\/fbg.is\/?page_id=1395#breadcrumb\",\"itemListElement\":[{\"@type\":\"ListItem\",\"position\":1,\"name\":\"Home\",\"item\":\"https:\/\/fbg.is\/\"},{\"@type\":\"ListItem\",\"position\":2,\"name\":\"Vinnur\u00e9ttur\"}]},{\"@type\":\"WebSite\",\"@id\":\"https:\/\/fbg.is\/#website\",\"url\":\"https:\/\/fbg.is\/\",\"name\":\"FBG r\u00e1\u00f0gj\u00f6f ehf.\",\"description\":\"L\u00f6gfr\u00e6\u00f0ir\u00e1\u00f0gj\u00f6f fyrir einstaklinga og fyrirt\u00e6ki\",\"publisher\":{\"@id\":\"https:\/\/fbg.is\/#organization\"},\"potentialAction\":[{\"@type\":\"SearchAction\",\"target\":{\"@type\":\"EntryPoint\",\"urlTemplate\":\"https:\/\/fbg.is\/?s={search_term_string}\"},\"query-input\":{\"@type\":\"PropertyValueSpecification\",\"valueRequired\":true,\"valueName\":\"search_term_string\"}}],\"inLanguage\":\"en-US\"},{\"@type\":\"Organization\",\"@id\":\"https:\/\/fbg.is\/#organization\",\"name\":\"FBG r\u00e1\u00f0gj\u00f6f ehf.\",\"url\":\"https:\/\/fbg.is\/\",\"logo\":{\"@type\":\"ImageObject\",\"inLanguage\":\"en-US\",\"@id\":\"https:\/\/fbg.is\/#\/schema\/logo\/image\/\",\"url\":\"https:\/\/fbg.is\/wp-content\/uploads\/2023\/05\/FBG-Radgjof-logo-205-x-205-px.jpg\",\"contentUrl\":\"https:\/\/fbg.is\/wp-content\/uploads\/2023\/05\/FBG-Radgjof-logo-205-x-205-px.jpg\",\"width\":205,\"height\":205,\"caption\":\"FBG r\u00e1\u00f0gj\u00f6f ehf.\"},\"image\":{\"@id\":\"https:\/\/fbg.is\/#\/schema\/logo\/image\/\"},\"sameAs\":[\"https:\/\/www.facebook.com\/profile.php?id=61554778734071\"]}]}<\/script>\n<!-- \/ Yoast SEO plugin. -->","yoast_head_json":{"title":"Vinnur\u00e9ttur - FBG R\u00e1\u00f0gj\u00f6f ehf.","robots":{"index":"index","follow":"follow","max-snippet":"max-snippet:-1","max-image-preview":"max-image-preview:large","max-video-preview":"max-video-preview:-1"},"canonical":"https:\/\/fbg.is\/?page_id=1395","og_locale":"en_US","og_type":"article","og_title":"Vinnur\u00e9ttur - FBG R\u00e1\u00f0gj\u00f6f ehf.","og_description":"Vinnur\u00e9tturskrifstofut\u00edmarAlla virka daga fr\u00e1 - 09:00 til 17:00. B\u00f3ka \u00fearf t\u00edma me\u00f0 t\u00f6lvup\u00f3sti.FBG r\u00e1\u00f0gj\u00f6f ehf. kt.: 450917-0440\u00a0 Vsk.: 129215Hafa sambandHeimilisfang: Stekkjarbakki 6S\u00edmi: 779-0900Netfang: fbg@fbg.is","og_url":"https:\/\/fbg.is\/?page_id=1395","og_site_name":"FBG R\u00e1\u00f0gj\u00f6f ehf.","article_publisher":"https:\/\/www.facebook.com\/profile.php?id=61554778734071","article_modified_time":"2025-11-10T14:38:10+00:00","twitter_card":"summary_large_image","twitter_misc":{"Est. reading time":"1 minute"},"schema":{"@context":"https:\/\/schema.org","@graph":[{"@type":"WebPage","@id":"https:\/\/fbg.is\/?page_id=1395","url":"https:\/\/fbg.is\/?page_id=1395","name":"Vinnur\u00e9ttur - FBG R\u00e1\u00f0gj\u00f6f ehf.","isPartOf":{"@id":"https:\/\/fbg.is\/#website"},"datePublished":"2024-12-11T14:27:20+00:00","dateModified":"2025-11-10T14:38:10+00:00","breadcrumb":{"@id":"https:\/\/fbg.is\/?page_id=1395#breadcrumb"},"inLanguage":"en-US","potentialAction":[{"@type":"ReadAction","target":["https:\/\/fbg.is\/?page_id=1395"]}]},{"@type":"BreadcrumbList","@id":"https:\/\/fbg.is\/?page_id=1395#breadcrumb","itemListElement":[{"@type":"ListItem","position":1,"name":"Home","item":"https:\/\/fbg.is\/"},{"@type":"ListItem","position":2,"name":"Vinnur\u00e9ttur"}]},{"@type":"WebSite","@id":"https:\/\/fbg.is\/#website","url":"https:\/\/fbg.is\/","name":"FBG r\u00e1\u00f0gj\u00f6f ehf.","description":"L\u00f6gfr\u00e6\u00f0ir\u00e1\u00f0gj\u00f6f fyrir einstaklinga og fyrirt\u00e6ki","publisher":{"@id":"https:\/\/fbg.is\/#organization"},"potentialAction":[{"@type":"SearchAction","target":{"@type":"EntryPoint","urlTemplate":"https:\/\/fbg.is\/?s={search_term_string}"},"query-input":{"@type":"PropertyValueSpecification","valueRequired":true,"valueName":"search_term_string"}}],"inLanguage":"en-US"},{"@type":"Organization","@id":"https:\/\/fbg.is\/#organization","name":"FBG r\u00e1\u00f0gj\u00f6f ehf.","url":"https:\/\/fbg.is\/","logo":{"@type":"ImageObject","inLanguage":"en-US","@id":"https:\/\/fbg.is\/#\/schema\/logo\/image\/","url":"https:\/\/fbg.is\/wp-content\/uploads\/2023\/05\/FBG-Radgjof-logo-205-x-205-px.jpg","contentUrl":"https:\/\/fbg.is\/wp-content\/uploads\/2023\/05\/FBG-Radgjof-logo-205-x-205-px.jpg","width":205,"height":205,"caption":"FBG r\u00e1\u00f0gj\u00f6f ehf."},"image":{"@id":"https:\/\/fbg.is\/#\/schema\/logo\/image\/"},"sameAs":["https:\/\/www.facebook.com\/profile.php?id=61554778734071"]}]}},"_links":{"self":[{"href":"https:\/\/fbg.is\/index.php?rest_route=\/wp\/v2\/pages\/1395","targetHints":{"allow":["GET"]}}],"collection":[{"href":"https:\/\/fbg.is\/index.php?rest_route=\/wp\/v2\/pages"}],"about":[{"href":"https:\/\/fbg.is\/index.php?rest_route=\/wp\/v2\/types\/page"}],"author":[{"embeddable":true,"href":"https:\/\/fbg.is\/index.php?rest_route=\/wp\/v2\/users\/1"}],"replies":[{"embeddable":true,"href":"https:\/\/fbg.is\/index.php?rest_route=%2Fwp%2Fv2%2Fcomments&post=1395"}],"version-history":[{"count":7,"href":"https:\/\/fbg.is\/index.php?rest_route=\/wp\/v2\/pages\/1395\/revisions"}],"predecessor-version":[{"id":1914,"href":"https:\/\/fbg.is\/index.php?rest_route=\/wp\/v2\/pages\/1395\/revisions\/1914"}],"wp:attachment":[{"href":"https:\/\/fbg.is\/index.php?rest_route=%2Fwp%2Fv2%2Fmedia&parent=1395"}],"curies":[{"name":"wp","href":"https:\/\/api.w.org\/{rel}","templated":true}]}}